{"id":19760,"date":"2025-05-22T19:05:43","date_gmt":"2025-05-22T17:05:43","guid":{"rendered":"https:\/\/abfprogress.se\/?page_id=19760"},"modified":"2025-05-23T10:10:07","modified_gmt":"2025-05-23T08:10:07","slug":"gymnasiala-utbildningar","status":"publish","type":"page","link":"https:\/\/abfprogress.se\/?page_id=19760","title":{"rendered":"Gymnasiala utbildningar"},"content":{"rendered":"\n<div class=\"wp-block-cover alignfull has-parallax is-light\" style=\"min-height:400px;aspect-ratio:unset;\"><div class=\"wp-block-cover__image-background wp-image-2512 has-parallax\" style=\"background-position:50% 50%;background-image:url(https:\/\/abfprogress.se\/wp-content\/uploads\/2021\/06\/pexels-kampus-production-5940704-scaled.jpg)\"><\/div><span aria-hidden=\"true\" class=\"wp-block-cover__background has-nv-light-bg-background-color has-background-dim-90 has-background-dim\"><\/span><div class=\"wp-block-cover__inner-container is-layout-flow wp-block-cover-is-layout-flow\">\n<div style=\"height:120px\" aria-hidden=\"true\" class=\"wp-block-spacer\"><\/div>\n\n\n\n<h1 class=\"wp-block-heading has-text-align-center has-neve-link-color-color has-text-color\">Gymnasiala utbildningar<\/h1>\n\n\n\n<div style=\"height:80px\" aria-hidden=\"true\" class=\"wp-block-spacer\"><\/div>\n<\/div><\/div>\n\n\n\n<div style=\"height:50px\" aria-hidden=\"true\" class=\"wp-block-spacer\"><\/div>\n\n\n\n<div class=\"wp-block-columns alignwide is-layout-flex wp-container-core-columns-is-layout-9d6595d7 wp-block-columns-is-layout-flex\">\n<div class=\"wp-block-column is-layout-flow wp-block-column-is-layout-flow\" style=\"flex-basis:100%\">\n<h2 class=\"wp-block-heading has-neve-link-color-color has-text-color\">Om<\/h2>\n\n\n\n<p class=\"has-neve-link-color-color has-text-color\">V\u00e4lkommen till v\u00e5ra gymnasiala utbildningar! <\/p>\n\n\n\n<p class=\"has-neve-link-color-color has-text-color\">P\u00e5 ABF Progress AB erbjuder vi dig m\u00f6jlighet att komplettera din tidigare utbildning eller l\u00e4sa in gymnasiebeh\u00f6righet p\u00e5 ett flexibelt s\u00e4tt, helt anpassat efter dina behov och din livssituation.<\/p>\n<\/div>\n<\/div>\n\n\n\n<div style=\"height:50px\" aria-hidden=\"true\" class=\"wp-block-spacer\"><\/div>\n\n\n\n<div class=\"wp-block-columns is-layout-flex wp-container-core-columns-is-layout-9d6595d7 wp-block-columns-is-layout-flex\">\n<div class=\"wp-block-column is-layout-flow wp-block-column-is-layout-flow\" style=\"flex-basis:100%\">\n<h2 class=\"wp-block-heading alignwide has-neve-link-color-color has-text-color\">Varf\u00f6r v\u00e4lja gymnasiala studier hos oss?<\/h2>\n\n\n\n<div style=\"height:25px\" aria-hidden=\"true\" class=\"wp-block-spacer\"><\/div>\n\n\n\n<div class=\"wp-block-columns alignwide is-layout-flex wp-container-core-columns-is-layout-9d6595d7 wp-block-columns-is-layout-flex\">\n<div class=\"wp-block-column is-layout-flow wp-block-column-is-layout-flow\">\n<figure class=\"wp-block-image size-large is-resized\"><a href=\"https:\/\/abfprogress.se\/wp-content\/uploads\/2021\/06\/pexels-charlotte-may-5965711-scaled.jpg\"><img loading=\"lazy\" decoding=\"async\" width=\"2560\" height=\"2554\" src=\"https:\/\/abfprogress.se\/wp-content\/uploads\/2021\/06\/pexels-charlotte-may-5965711-edited-scaled.jpg\" alt=\"\" class=\"wp-image-2514\" style=\"width:600px\" srcset=\"https:\/\/abfprogress.se\/wp-content\/uploads\/2021\/06\/pexels-charlotte-may-5965711-edited-scaled.jpg 2560w, https:\/\/abfprogress.se\/wp-content\/uploads\/2021\/06\/pexels-charlotte-may-5965711-edited-300x300.jpg 300w, https:\/\/abfprogress.se\/wp-content\/uploads\/2021\/06\/pexels-charlotte-may-5965711-edited-1024x1021.jpg 1024w, https:\/\/abfprogress.se\/wp-content\/uploads\/2021\/06\/pexels-charlotte-may-5965711-edited-150x150.jpg 150w, https:\/\/abfprogress.se\/wp-content\/uploads\/2021\/06\/pexels-charlotte-may-5965711-edited-768x766.jpg 768w, https:\/\/abfprogress.se\/wp-content\/uploads\/2021\/06\/pexels-charlotte-may-5965711-edited-1536x1532.jpg 1536w, https:\/\/abfprogress.se\/wp-content\/uploads\/2021\/06\/pexels-charlotte-may-5965711-edited-2048x2043.jpg 2048w\" sizes=\"auto, (max-width: 2560px) 100vw, 2560px\" \/><\/a><\/figure>\n\n\n\n<div style=\"height:40px\" aria-hidden=\"true\" class=\"wp-block-spacer\"><\/div>\n\n\n\n<h3 class=\"wp-block-heading has-text-align-center has-neve-link-color-color has-text-color\">Flexibla uppl\u00e4gg<\/h3>\n\n\n\n<hr class=\"wp-block-separator has-text-color has-neve-button-color-color has-css-opacity has-neve-button-color-background-color has-background is-style-default\"\/>\n\n\n\n<p class=\"has-text-align-center has-neve-link-color-color has-text-color\">Du kan v\u00e4lja att studera p\u00e5 plats hos oss eller som distansstudier. H\u00f6r av dig om du vill veta mer.<\/p>\n\n\n\n<div style=\"height:30px\" aria-hidden=\"true\" class=\"wp-block-spacer\"><\/div>\n<\/div>\n\n\n\n<div class=\"wp-block-column is-layout-flow wp-block-column-is-layout-flow\">\n<figure class=\"wp-block-image size-large is-resized\"><a href=\"https:\/\/abfprogress.se\/wp-content\/uploads\/2021\/06\/pexels-ivan-samkov-5676740-1-scaled.jpg\"><img loading=\"lazy\" decoding=\"async\" width=\"1024\" height=\"1024\" src=\"https:\/\/abfprogress.se\/wp-content\/uploads\/2021\/06\/pexels-ivan-samkov-5676740-1-1024x1024.jpg\" alt=\"\" class=\"wp-image-2442\" style=\"width:600px\" srcset=\"https:\/\/abfprogress.se\/wp-content\/uploads\/2021\/06\/pexels-ivan-samkov-5676740-1-1024x1024.jpg 1024w, https:\/\/abfprogress.se\/wp-content\/uploads\/2021\/06\/pexels-ivan-samkov-5676740-1-300x300.jpg 300w, https:\/\/abfprogress.se\/wp-content\/uploads\/2021\/06\/pexels-ivan-samkov-5676740-1-150x150.jpg 150w, https:\/\/abfprogress.se\/wp-content\/uploads\/2021\/06\/pexels-ivan-samkov-5676740-1-768x768.jpg 768w, https:\/\/abfprogress.se\/wp-content\/uploads\/2021\/06\/pexels-ivan-samkov-5676740-1-1536x1536.jpg 1536w, https:\/\/abfprogress.se\/wp-content\/uploads\/2021\/06\/pexels-ivan-samkov-5676740-1-2048x2048.jpg 2048w\" sizes=\"auto, (max-width: 1024px) 100vw, 1024px\" \/><\/a><\/figure>\n\n\n\n<div style=\"height:40px\" aria-hidden=\"true\" class=\"wp-block-spacer\"><\/div>\n\n\n\n<h3 class=\"wp-block-heading has-text-align-center has-neve-link-color-color has-text-color\">Bra studieklimat<\/h3>\n\n\n\n<hr class=\"wp-block-separator has-text-color has-neve-button-color-color has-css-opacity has-neve-button-color-background-color has-background is-style-default\"\/>\n\n\n\n<p class=\"has-text-align-center has-neve-link-color-color has-text-color\">Du blir en del av en trygg l\u00e4randemilj\u00f6 med blandade \u00e5ldrar och bakgrunder \u2013 perfekt f\u00f6r b\u00e5de studiekompisar och n\u00e4tverk.<\/p>\n\n\n\n<div style=\"height:40px\" aria-hidden=\"true\" class=\"wp-block-spacer\"><\/div>\n<\/div>\n\n\n\n<div class=\"wp-block-column is-layout-flow wp-block-column-is-layout-flow\">\n<figure class=\"wp-block-image size-full is-resized\"><a href=\"https:\/\/abfprogress.se\/wp-content\/uploads\/2021\/06\/pexels-karolina-grabowska-5412432-1.jpg\"><img loading=\"lazy\" decoding=\"async\" width=\"600\" height=\"600\" src=\"https:\/\/abfprogress.se\/wp-content\/uploads\/2021\/06\/pexels-karolina-grabowska-5412432-1.jpg\" alt=\"\" class=\"wp-image-2441\" style=\"width:600px\" srcset=\"https:\/\/abfprogress.se\/wp-content\/uploads\/2021\/06\/pexels-karolina-grabowska-5412432-1.jpg 600w, https:\/\/abfprogress.se\/wp-content\/uploads\/2021\/06\/pexels-karolina-grabowska-5412432-1-300x300.jpg 300w, https:\/\/abfprogress.se\/wp-content\/uploads\/2021\/06\/pexels-karolina-grabowska-5412432-1-150x150.jpg 150w\" sizes=\"auto, (max-width: 600px) 100vw, 600px\" \/><\/a><\/figure>\n\n\n\n<div style=\"height:40px\" aria-hidden=\"true\" class=\"wp-block-spacer\"><\/div>\n\n\n\n<h3 class=\"wp-block-heading has-text-align-center has-neve-link-color-color has-text-color\">H\u00f6g kvalitet<\/h3>\n\n\n\n<hr class=\"wp-block-separator has-text-color has-neve-button-color-color has-css-opacity has-neve-button-color-background-color has-background is-style-default\"\/>\n\n\n\n<p class=\"has-text-align-center has-neve-link-color-color has-text-color\">V\u00e5ra l\u00e4rare \u00e4r erfarna pedagoger med l\u00e5ng erfarenhet av vuxenutbildning. Vi arbetar aktivt med att g\u00f6ra undervisningen interaktiv, inkluderande och modern.<\/p>\n\n\n\n<div style=\"height:40px\" aria-hidden=\"true\" class=\"wp-block-spacer\"><\/div>\n<\/div>\n<\/div>\n\n\n\n<div style=\"height:50px\" aria-hidden=\"true\" class=\"wp-block-spacer\"><\/div>\n<\/div>\n<\/div>\n\n\n\n<div class=\"wp-block-cover alignfull is-light\"><span aria-hidden=\"true\" class=\"wp-block-cover__background has-nv-light-bg-background-color has-background-dim-100 has-background-dim\"><\/span><div class=\"wp-block-cover__inner-container is-layout-flow wp-block-cover-is-layout-flow\">\n<div class=\"wp-block-cover alignwide is-light\" style=\"min-height:659px;aspect-ratio:unset;\"><span aria-hidden=\"true\" class=\"wp-block-cover__background has-nv-light-bg-background-color has-background-dim-100 has-background-dim\"><\/span><div class=\"wp-block-cover__inner-container is-layout-flow wp-block-cover-is-layout-flow\">\n<div style=\"height:50px\" aria-hidden=\"true\" class=\"wp-block-spacer\"><\/div>\n\n\n\n<h2 class=\"wp-block-heading has-neve-link-color-color has-text-color\">S\u00e5 ans\u00f6ker du<\/h2>\n\n\n\n<p class=\"has-neve-link-color-color has-text-color\">Vuxenutbildningscentrum ansvarar f\u00f6r den centrala antagningen till vuxenstudier&nbsp;i V\u00e4ster\u00e5s.<\/p>\n\n\n\n<p class=\"has-neve-link-color-color has-text-color\"><strong>Vid fr\u00e5gor om utbildningen \u00e4r ni v\u00e4lkomna att kontakta oss!<\/strong><\/p>\n\n\n\n<div class=\"wp-block-buttons is-layout-flex wp-block-buttons-is-layout-flex\">\n<div class=\"wp-block-button is-style-primary\"><a class=\"wp-block-button__link wp-element-button\" href=\"https:\/\/www.vasteras.se\/barn-och-utbildning\/vuxenutbildning.html\">Till Vuxenutbildningscentrum<\/a><\/div>\n\n\n\n<div class=\"wp-block-button is-style-secondary\"><a class=\"wp-block-button__link wp-element-button\" href=\"https:\/\/abfprogress.se\/?page_id=20\">Kontakta oss<\/a><\/div>\n<\/div>\n<\/div><\/div>\n\n\n\n<div style=\"height:50px\" aria-hidden=\"true\" class=\"wp-block-spacer\"><\/div>\n<\/div><\/div>\n","protected":false},"excerpt":{"rendered":"<p>Om V\u00e4lkommen till v\u00e5ra gymnasiala utbildningar! P\u00e5 ABF Progress AB erbjuder vi dig m\u00f6jlighet att komplettera din tidigare utbildning eller l\u00e4sa in gymnasiebeh\u00f6righet p\u00e5 ett flexibelt s\u00e4tt, helt anpassat efter dina behov och din livssituation. Varf\u00f6r v\u00e4lja gymnasiala studier hos oss? Flexibla uppl\u00e4gg Du kan v\u00e4lja att studera p\u00e5 plats hos oss eller som distansstudier.&hellip;&nbsp;<a href=\"https:\/\/abfprogress.se\/?page_id=19760\" rel=\"bookmark\">L\u00e4s mer &raquo;<span class=\"screen-reader-text\">Gymnasiala utbildningar<\/span><\/a><\/p>\n","protected":false},"author":10,"featured_media":0,"parent":0,"menu_order":0,"comment_status":"closed","ping_status":"closed","template":"","meta":{"neve_meta_sidebar":"full-width","neve_meta_container":"full-width","neve_meta_enable_content_width":"off","neve_meta_content_width":100,"neve_meta_title_alignment":"","neve_meta_author_avatar":"","neve_post_elements_order":"","neve_meta_disable_header":"","neve_meta_disable_footer":"","neve_meta_disable_title":"on","footnotes":""},"class_list":["post-19760","page","type-page","status-publish","hentry"],"_links":{"self":[{"href":"https:\/\/abfprogress.se\/index.php?rest_route=\/wp\/v2\/pages\/19760","targetHints":{"allow":["GET"]}}],"collection":[{"href":"https:\/\/abfprogress.se\/index.php?rest_route=\/wp\/v2\/pages"}],"about":[{"href":"https:\/\/abfprogress.se\/index.php?rest_route=\/wp\/v2\/types\/page"}],"author":[{"embeddable":true,"href":"https:\/\/abfprogress.se\/index.php?rest_route=\/wp\/v2\/users\/10"}],"replies":[{"embeddable":true,"href":"https:\/\/abfprogress.se\/index.php?rest_route=%2Fwp%2Fv2%2Fcomments&post=19760"}],"version-history":[{"count":7,"href":"https:\/\/abfprogress.se\/index.php?rest_route=\/wp\/v2\/pages\/19760\/revisions"}],"predecessor-version":[{"id":19775,"href":"https:\/\/abfprogress.se\/index.php?rest_route=\/wp\/v2\/pages\/19760\/revisions\/19775"}],"wp:attachment":[{"href":"https:\/\/abfprogress.se\/index.php?rest_route=%2Fwp%2Fv2%2Fmedia&parent=19760"}],"curies":[{"name":"wp","href":"https:\/\/api.w.org\/{rel}","templated":true}]}}