{"id":1823,"date":"2021-04-22T13:02:09","date_gmt":"2021-04-22T11:02:09","guid":{"rendered":"https:\/\/abfprogress.se\/?page_id=1823"},"modified":"2023-04-26T11:37:47","modified_gmt":"2023-04-26T09:37:47","slug":"samhallsprojekt","status":"publish","type":"page","link":"https:\/\/abfprogress.se\/?page_id=1823","title":{"rendered":"Samh\u00e4llsprojekt"},"content":{"rendered":"\n<div class=\"wp-block-cover alignfull\" style=\"min-height:400px;aspect-ratio:unset;\"><span aria-hidden=\"true\" class=\"wp-block-cover__background has-neve-link-color-background-color has-background-dim-100 has-background-dim\"><\/span><img decoding=\"async\" class=\"wp-block-cover__image-background wp-image-417\" alt=\"\" src=\"https:\/\/api.themeisle.com\/templates-data\/2020\/12\/ebf0233ced7259cf0838b7ba6d3aee07vpi5av85kklbft5pu7p5\/images\/neve-patterns-18.jpg\" style=\"object-position:16% 91%\" data-object-fit=\"cover\" data-object-position=\"16% 91%\"\/><div class=\"wp-block-cover__inner-container is-layout-flow wp-block-cover-is-layout-flow\">\n<div style=\"height:120px\" aria-hidden=\"true\" class=\"wp-block-spacer\"><\/div>\n\n\n\n<h1 class=\"wp-block-heading has-text-align-center has-nv-text-dark-bg-color has-text-color\">Samh\u00e4llsprojekt<\/h1>\n\n\n\n<p class=\"has-text-align-center\">F\u00e5 st\u00f6d och v\u00e4gledning f\u00f6r att orientera dig i samh\u00e4llet som nyanl\u00e4nd i Sverige.<\/p>\n\n\n\n<div style=\"height:80px\" aria-hidden=\"true\" class=\"wp-block-spacer\"><\/div>\n<\/div><\/div>\n\n\n\n<div style=\"height:50px\" aria-hidden=\"true\" class=\"wp-block-spacer\"><\/div>\n\n\n\n<div style=\"height:25px\" aria-hidden=\"true\" class=\"wp-block-spacer\"><\/div>\n\n\n\n<div class=\"wp-block-media-text alignwide is-stacked-on-mobile\"><figure class=\"wp-block-media-text__media\"><img loading=\"lazy\" decoding=\"async\" width=\"1024\" height=\"1024\" src=\"https:\/\/abfprogress.se\/wp-content\/uploads\/2021\/06\/pexels-andrea-piacquadio-3865544-1-1024x1024.jpg\" alt=\"\" class=\"wp-image-2582 size-full\" srcset=\"https:\/\/abfprogress.se\/wp-content\/uploads\/2021\/06\/pexels-andrea-piacquadio-3865544-1-1024x1024.jpg 1024w, https:\/\/abfprogress.se\/wp-content\/uploads\/2021\/06\/pexels-andrea-piacquadio-3865544-1-300x300.jpg 300w, https:\/\/abfprogress.se\/wp-content\/uploads\/2021\/06\/pexels-andrea-piacquadio-3865544-1-150x150.jpg 150w, https:\/\/abfprogress.se\/wp-content\/uploads\/2021\/06\/pexels-andrea-piacquadio-3865544-1-768x768.jpg 768w, https:\/\/abfprogress.se\/wp-content\/uploads\/2021\/06\/pexels-andrea-piacquadio-3865544-1-1536x1536.jpg 1536w, https:\/\/abfprogress.se\/wp-content\/uploads\/2021\/06\/pexels-andrea-piacquadio-3865544-1-2048x2048.jpg 2048w\" sizes=\"auto, (max-width: 1024px) 100vw, 1024px\" \/><\/figure><div class=\"wp-block-media-text__content\">\n<h2 class=\"wp-block-heading has-text-align-left\">Samh\u00e4lls V\u00e4gledarna<\/h2>\n\n\n\n<p>En plattform och m\u00f6tesplats dit du villkorsl\u00f6st kan s\u00f6ka dig till som ny i landet f\u00f6r att f\u00e5 svar och v\u00e4gledning i samh\u00e4llet. Till Samh\u00e4lls V\u00e4gledarna kan du v\u00e4nda dig till med alla dina fr\u00e5gor och f\u00e5 m\u00f6jligheten att integrera dig och l\u00e4ra k\u00e4nna dina medm\u00e4nniskor.<\/p>\n\n\n\n<div class=\"wp-block-buttons is-layout-flex wp-block-buttons-is-layout-flex\">\n<div class=\"wp-block-button is-style-primary\"><a class=\"wp-block-button__link wp-element-button\" href=\"https:\/\/abfprogress.se\/?page_id=1673\">L\u00e4s mer<\/a><\/div>\n<\/div>\n<\/div><\/div>\n\n\n\n<div style=\"height:50px\" aria-hidden=\"true\" class=\"wp-block-spacer\"><\/div>\n\n\n\n<div class=\"wp-block-cover alignfull\" style=\"min-height:1188px;aspect-ratio:unset;\"><span aria-hidden=\"true\" class=\"wp-block-cover__background has-nv-light-bg-background-color has-background-dim-100 has-background-dim\"><\/span><div class=\"wp-block-cover__inner-container is-layout-flow wp-block-cover-is-layout-flow\">\n<div style=\"height:50px\" aria-hidden=\"true\" class=\"wp-block-spacer\"><\/div>\n\n\n\n<h2 class=\"wp-block-heading alignwide has-neve-text-color-color has-text-color\">Inte vad du letade efter?<\/h2>\n\n\n\n<div class=\"wp-block-cover alignwide\" style=\"min-height:947px;aspect-ratio:unset;\"><span aria-hidden=\"true\" class=\"wp-block-cover__background has-nv-light-bg-background-color has-background-dim-100 has-background-dim\"><\/span><div class=\"wp-block-cover__inner-container is-layout-flow wp-block-cover-is-layout-flow\">\n<div class=\"wp-block-columns alignwide are-vertically-aligned-top is-layout-flex wp-container-core-columns-is-layout-9d6595d7 wp-block-columns-is-layout-flex\">\n<div class=\"wp-block-column is-vertically-aligned-top is-layout-flow wp-block-column-is-layout-flow\"><div class=\"wp-block-image is-style-default\">\n<figure class=\"aligncenter size-large is-resized\"><img loading=\"lazy\" decoding=\"async\" src=\"https:\/\/abfprogress.se\/wp-content\/uploads\/2021\/06\/pexels-charlotte-may-5965711-edited-1024x1021.jpg\" alt=\"\" class=\"wp-image-2514\" width=\"300\" height=\"300\" srcset=\"https:\/\/abfprogress.se\/wp-content\/uploads\/2021\/06\/pexels-charlotte-may-5965711-edited-1024x1021.jpg 1024w, https:\/\/abfprogress.se\/wp-content\/uploads\/2021\/06\/pexels-charlotte-may-5965711-edited-300x300.jpg 300w, https:\/\/abfprogress.se\/wp-content\/uploads\/2021\/06\/pexels-charlotte-may-5965711-edited-150x150.jpg 150w, https:\/\/abfprogress.se\/wp-content\/uploads\/2021\/06\/pexels-charlotte-may-5965711-edited-768x766.jpg 768w, https:\/\/abfprogress.se\/wp-content\/uploads\/2021\/06\/pexels-charlotte-may-5965711-edited-1536x1532.jpg 1536w, https:\/\/abfprogress.se\/wp-content\/uploads\/2021\/06\/pexels-charlotte-may-5965711-edited-2048x2043.jpg 2048w\" sizes=\"auto, (max-width: 300px) 100vw, 300px\" \/><\/figure>\n<\/div>\n\n\n<h3 class=\"wp-block-heading has-text-align-left has-neve-text-color-color has-text-color\">Svenska som andraspr\u00e5k (SAS) grund<\/h3>\n\n\n\n<p class=\"has-text-align-left has-neve-text-color-color has-text-color\">Svenska som andraspr\u00e5k (SAS) \u00e4r till f\u00f6r dig som inte har svenska som modersm\u00e5l och vill utveckla dina spr\u00e5kkunskaper.<\/p>\n\n\n\n<div class=\"wp-block-buttons is-layout-flex wp-block-buttons-is-layout-flex\">\n<div class=\"wp-block-button is-style-secondary\"><a class=\"wp-block-button__link wp-element-button\" href=\"https:\/\/abfprogress.se\/?page_id=1680\">L\u00e4s mer<\/a><\/div>\n<\/div>\n\n\n\n<div style=\"height:20px\" aria-hidden=\"true\" class=\"wp-block-spacer\"><\/div>\n<\/div>\n\n\n\n<div class=\"wp-block-column is-vertically-aligned-top is-layout-flow wp-block-column-is-layout-flow\"><div class=\"wp-block-image is-style-default\">\n<figure class=\"aligncenter size-large is-resized\"><img loading=\"lazy\" decoding=\"async\" src=\"https:\/\/abfprogress.se\/wp-content\/uploads\/2021\/06\/pexels-ivan-samkov-5676740-1-1024x1024.jpg\" alt=\"\" class=\"wp-image-2442\" width=\"300\" height=\"300\" srcset=\"https:\/\/abfprogress.se\/wp-content\/uploads\/2021\/06\/pexels-ivan-samkov-5676740-1-1024x1024.jpg 1024w, https:\/\/abfprogress.se\/wp-content\/uploads\/2021\/06\/pexels-ivan-samkov-5676740-1-300x300.jpg 300w, https:\/\/abfprogress.se\/wp-content\/uploads\/2021\/06\/pexels-ivan-samkov-5676740-1-150x150.jpg 150w, https:\/\/abfprogress.se\/wp-content\/uploads\/2021\/06\/pexels-ivan-samkov-5676740-1-768x768.jpg 768w, https:\/\/abfprogress.se\/wp-content\/uploads\/2021\/06\/pexels-ivan-samkov-5676740-1-1536x1536.jpg 1536w, https:\/\/abfprogress.se\/wp-content\/uploads\/2021\/06\/pexels-ivan-samkov-5676740-1-2048x2048.jpg 2048w\" sizes=\"auto, (max-width: 300px) 100vw, 300px\" \/><\/figure>\n<\/div>\n\n\n<h3 class=\"wp-block-heading has-neve-text-color-color has-text-color\">Engelska grund<\/h3>\n\n\n\n<p class=\"has-text-align-left has-neve-text-color-color has-text-color\">Engelska grund v\u00e4nder sig till dig som saknar grundskolekompetens eller som vill repetera \u00e4mnet inf\u00f6r studier p\u00e5 gymnasieniv\u00e5.<\/p>\n\n\n\n<div class=\"wp-block-buttons is-layout-flex wp-block-buttons-is-layout-flex\">\n<div class=\"wp-block-button is-style-secondary\"><a class=\"wp-block-button__link wp-element-button\" href=\"https:\/\/abfprogress.se\/?page_id=1683\">L\u00e4s mer<\/a><\/div>\n<\/div>\n\n\n\n<div style=\"height:20px\" aria-hidden=\"true\" class=\"wp-block-spacer\"><\/div>\n<\/div>\n\n\n\n<div class=\"wp-block-column is-vertically-aligned-top is-layout-flow wp-block-column-is-layout-flow\"><div class=\"wp-block-image is-style-default\">\n<figure class=\"aligncenter size-large is-resized\"><img loading=\"lazy\" decoding=\"async\" src=\"https:\/\/abfprogress.se\/wp-content\/uploads\/2021\/06\/pexels-sora-shimazaki-5668858-1-edited-scaled.jpg\" alt=\"\" class=\"wp-image-2566\" width=\"300\" height=\"300\" srcset=\"https:\/\/abfprogress.se\/wp-content\/uploads\/2021\/06\/pexels-sora-shimazaki-5668858-1-edited-scaled.jpg 2560w, https:\/\/abfprogress.se\/wp-content\/uploads\/2021\/06\/pexels-sora-shimazaki-5668858-1-edited-300x300.jpg 300w, https:\/\/abfprogress.se\/wp-content\/uploads\/2021\/06\/pexels-sora-shimazaki-5668858-1-edited-1024x1024.jpg 1024w, https:\/\/abfprogress.se\/wp-content\/uploads\/2021\/06\/pexels-sora-shimazaki-5668858-1-edited-150x150.jpg 150w, https:\/\/abfprogress.se\/wp-content\/uploads\/2021\/06\/pexels-sora-shimazaki-5668858-1-edited-768x768.jpg 768w, https:\/\/abfprogress.se\/wp-content\/uploads\/2021\/06\/pexels-sora-shimazaki-5668858-1-edited-1536x1536.jpg 1536w, https:\/\/abfprogress.se\/wp-content\/uploads\/2021\/06\/pexels-sora-shimazaki-5668858-1-edited-2048x2048.jpg 2048w\" sizes=\"auto, (max-width: 300px) 100vw, 300px\" \/><\/figure>\n<\/div>\n\n\n<h3 class=\"wp-block-heading has-neve-text-color-color has-text-color\">Rusta och matcha<\/h3>\n\n\n\n<p class=\"has-neve-text-color-color has-text-color\" id=\"block-9b6ee802-4006-4aa0-a869-d91b7afbca3f\">Rusta och matcha \u00e4r tillf\u00f6r dig som beh\u00f6ver extra st\u00f6d f\u00f6r att hitta jobb eller utbildningar. Med hj\u00e4lp av v\u00e5ra handledare f\u00e5r du individuellt anpassade aktiviteter som hj\u00e4lper dig att n\u00e5 m\u00e5let: jobb eller utbildning.<\/p>\n\n\n\n<div class=\"wp-block-buttons is-layout-flex wp-block-buttons-is-layout-flex\">\n<div class=\"wp-block-button is-style-secondary\"><a class=\"wp-block-button__link wp-element-button\" href=\"https:\/\/abfprogress.se\/?page_id=1810\">L\u00e4s mer<\/a><\/div>\n<\/div>\n\n\n\n<div style=\"height:20px\" aria-hidden=\"true\" class=\"wp-block-spacer\"><\/div>\n<\/div>\n<\/div>\n\n\n\n<div style=\"height:50px\" aria-hidden=\"true\" class=\"wp-block-spacer\"><\/div>\n<\/div><\/div>\n<\/div><\/div>\n","protected":false},"excerpt":{"rendered":"","protected":false},"author":10,"featured_media":0,"parent":0,"menu_order":0,"comment_status":"closed","ping_status":"closed","template":"","meta":{"neve_meta_sidebar":"full-width","neve_meta_container":"full-width","neve_meta_enable_content_width":"off","neve_meta_content_width":100,"neve_meta_title_alignment":"","neve_meta_author_avatar":"","neve_post_elements_order":"","neve_meta_disable_header":"","neve_meta_disable_footer":"","neve_meta_disable_title":"on","footnotes":""},"class_list":["post-1823","page","type-page","status-publish","hentry"],"_links":{"self":[{"href":"https:\/\/abfprogress.se\/index.php?rest_route=\/wp\/v2\/pages\/1823","targetHints":{"allow":["GET"]}}],"collection":[{"href":"https:\/\/abfprogress.se\/index.php?rest_route=\/wp\/v2\/pages"}],"about":[{"href":"https:\/\/abfprogress.se\/index.php?rest_route=\/wp\/v2\/types\/page"}],"author":[{"embeddable":true,"href":"https:\/\/abfprogress.se\/index.php?rest_route=\/wp\/v2\/users\/10"}],"replies":[{"embeddable":true,"href":"https:\/\/abfprogress.se\/index.php?rest_route=%2Fwp%2Fv2%2Fcomments&post=1823"}],"version-history":[{"count":8,"href":"https:\/\/abfprogress.se\/index.php?rest_route=\/wp\/v2\/pages\/1823\/revisions"}],"predecessor-version":[{"id":19625,"href":"https:\/\/abfprogress.se\/index.php?rest_route=\/wp\/v2\/pages\/1823\/revisions\/19625"}],"wp:attachment":[{"href":"https:\/\/abfprogress.se\/index.php?rest_route=%2Fwp%2Fv2%2Fmedia&parent=1823"}],"curies":[{"name":"wp","href":"https:\/\/api.w.org\/{rel}","templated":true}]}}