{"id":1779,"date":"2018-09-03T11:54:10","date_gmt":"2018-09-03T11:54:10","guid":{"rendered":"https:\/\/abfprogress.se\/?page_id=1779"},"modified":"2021-06-17T11:22:32","modified_gmt":"2021-06-17T09:22:32","slug":"klagomalshantering","status":"publish","type":"page","link":"https:\/\/abfprogress.se\/?page_id=1779","title":{"rendered":"Klagom\u00e5lshantering"},"content":{"rendered":"\n<div class=\"wp-block-cover alignfull has-nv-light-bg-background-color has-background-dim\"><div class=\"wp-block-cover__inner-container is-layout-flow wp-block-cover-is-layout-flow\">\n<div style=\"height:120px\" aria-hidden=\"true\" class=\"wp-block-spacer\"><\/div>\n\n\n\n<h1 class=\"has-text-align-center has-neve-link-color-color has-text-color wp-block-heading\">Klagom\u00e5lshantering<\/h1>\n\n\n\n<p class=\"has-text-align-center has-nv-dark-bg-color has-text-color\">\u00c4r du som deltagare missn\u00f6jd med n\u00e5got inom ABF L\u00e4ra &amp; Jobbs verksamhet? Du kan skicka dina synpunkter anonymt via formul\u00e4r nedan.<\/p>\n\n\n\n<div style=\"height:80px\" aria-hidden=\"true\" class=\"wp-block-spacer\"><\/div>\n<\/div><\/div>\n\n\n\n<div style=\"height:50px\" aria-hidden=\"true\" class=\"wp-block-spacer\"><\/div>\n\n\n\n<div class=\"wp-block-cover alignwide has-nv-site-bg-background-color has-background-dim\" style=\"min-height:521px;aspect-ratio:unset;\"><div class=\"wp-block-cover__inner-container is-layout-flow wp-block-cover-is-layout-flow\">\n<h2 class=\"has-neve-link-color-color has-text-color wp-block-heading\">Elev<\/h2>\n\n\n\n<p class=\"has-neve-link-color-color has-text-color\">\u00c4r du som elev missn\u00f6jd med n\u00e5got p\u00e5 skolan? Enligt skollagen ska alla klagom\u00e5l utredas och \u00e5tg\u00e4rdas. Ytterst ansvarig f\u00f6r detta \u00e4r huvudman. Rektorn utreder tillsammans med styrelsen och \u00e5terkopplar till er inom 3 veckor.<\/p>\n\n\n\n<div style=\"height:80px\" aria-hidden=\"true\" class=\"wp-block-spacer\"><\/div>\n\n\n\n<h2 class=\"has-neve-link-color-color has-text-color wp-block-heading\">Deltagare<\/h2>\n\n\n\n<p class=\"has-neve-link-color-color has-text-color\">\u00c4r du som deltagare missn\u00f6jd med n\u00e5got inom ABF L\u00e4ra &amp; Jobbs verksamhet? Verksamhetsledare tillsammans med VD utreder och \u00e5terkopplar till er inom 3 veckor.<\/p>\n<\/div><\/div>\n\n\n\n<div style=\"height:50px\" aria-hidden=\"true\" class=\"wp-block-spacer\"><\/div>\n\n\n\n<div class=\"wp-block-cover alignfull has-nv-dark-bg-background-color has-background-dim\"><div class=\"wp-block-cover__inner-container is-layout-flow wp-block-cover-is-layout-flow\">\n<div style=\"height:80px\" aria-hidden=\"true\" class=\"wp-block-spacer\"><\/div>\n\n\n\n<div class=\"wp-block-cover alignwide has-nv-dark-bg-background-color has-background-dim\"><div class=\"wp-block-cover__inner-container is-layout-flow wp-block-cover-is-layout-flow\">\n<h2 class=\"has-nv-site-bg-color has-text-color wp-block-heading\">Skicka in anonymt klagom\u00e5l eller synpunkt<\/h2>\n\n\n<div class=\"wpforms-container wpforms-container-full wpforms-block\" id=\"wpforms-2413\"><form id=\"wpforms-form-2413\" class=\"wpforms-validate wpforms-form\" data-formid=\"2413\" method=\"post\" enctype=\"multipart\/form-data\" action=\"\/index.php?rest_route=%2Fwp%2Fv2%2Fpages%2F1779\" data-token=\"318781556cdd0ba9e480878bb2a9e1ce\" data-token-time=\"1777547124\"><noscript class=\"wpforms-error-noscript\">Aktivera JavaScript i din webbl\u00e4sare f\u00f6r att fylla i formul\u00e4ret.<\/noscript><div class=\"wpforms-field-container\"><div id=\"wpforms-2413-field_0-container\" class=\"wpforms-field wpforms-field-name\" data-field-id=\"0\"><label class=\"wpforms-field-label\" for=\"wpforms-2413-field_0\">Namn (frivilligt)<\/label><input type=\"text\" id=\"wpforms-2413-field_0\" class=\"wpforms-field-medium\" name=\"wpforms[fields][0]\" ><\/div><div id=\"wpforms-2413-field_1-container\" class=\"wpforms-field wpforms-field-email\" data-field-id=\"1\"><label class=\"wpforms-field-label\" for=\"wpforms-2413-field_1\">E-post (frivilligt)<\/label><input type=\"email\" id=\"wpforms-2413-field_1\" class=\"wpforms-field-medium\" name=\"wpforms[fields][1]\" spellcheck=\"false\" ><\/div><div id=\"wpforms-2413-field_2-container\" class=\"wpforms-field wpforms-field-textarea\" data-field-id=\"2\"><label class=\"wpforms-field-label\" for=\"wpforms-2413-field_2\">Synpunkt\/klagom\u00e5l <span class=\"wpforms-required-label\">*<\/span><\/label><textarea id=\"wpforms-2413-field_2\" class=\"wpforms-field-medium wpforms-field-required\" name=\"wpforms[fields][2]\" placeholder=\"Beskriv dina synpunkter h\u00e4r.\" required><\/textarea><\/div><\/div><!-- .wpforms-field-container --><div class=\"wpforms-submit-container\" ><input type=\"hidden\" name=\"wpforms[id]\" value=\"2413\"><input type=\"hidden\" name=\"page_title\" value=\"\"><input type=\"hidden\" name=\"page_url\" value=\"https:\/\/abfprogress.se\/index.php?rest_route=\/wp\/v2\/pages\/1779\"><input type=\"hidden\" name=\"url_referer\" value=\"\"><button type=\"submit\" name=\"wpforms[submit]\" id=\"wpforms-submit-2413\" class=\"wpforms-submit\" data-alt-text=\"Skickar...\" data-submit-text=\"Skicka\" aria-live=\"assertive\" value=\"wpforms-submit\">Skicka<\/button><\/div><\/form><\/div>  <!-- .wpforms-container --><\/div><\/div>\n\n\n\n<div style=\"height:80px\" aria-hidden=\"true\" class=\"wp-block-spacer\"><\/div>\n<\/div><\/div>\n","protected":false},"excerpt":{"rendered":"","protected":false},"author":10,"featured_media":0,"parent":0,"menu_order":0,"comment_status":"closed","ping_status":"closed","template":"","meta":{"neve_meta_sidebar":"full-width","neve_meta_container":"full-width","neve_meta_enable_content_width":"off","neve_meta_content_width":100,"neve_meta_title_alignment":"","neve_meta_author_avatar":"","neve_post_elements_order":"","neve_meta_disable_header":"","neve_meta_disable_footer":"","neve_meta_disable_title":"on","footnotes":""},"class_list":["post-1779","page","type-page","status-publish","hentry"],"_links":{"self":[{"href":"https:\/\/abfprogress.se\/index.php?rest_route=\/wp\/v2\/pages\/1779","targetHints":{"allow":["GET"]}}],"collection":[{"href":"https:\/\/abfprogress.se\/index.php?rest_route=\/wp\/v2\/pages"}],"about":[{"href":"https:\/\/abfprogress.se\/index.php?rest_route=\/wp\/v2\/types\/page"}],"author":[{"embeddable":true,"href":"https:\/\/abfprogress.se\/index.php?rest_route=\/wp\/v2\/users\/10"}],"replies":[{"embeddable":true,"href":"https:\/\/abfprogress.se\/index.php?rest_route=%2Fwp%2Fv2%2Fcomments&post=1779"}],"version-history":[{"count":12,"href":"https:\/\/abfprogress.se\/index.php?rest_route=\/wp\/v2\/pages\/1779\/revisions"}],"predecessor-version":[{"id":2779,"href":"https:\/\/abfprogress.se\/index.php?rest_route=\/wp\/v2\/pages\/1779\/revisions\/2779"}],"wp:attachment":[{"href":"https:\/\/abfprogress.se\/index.php?rest_route=%2Fwp%2Fv2%2Fmedia&parent=1779"}],"curies":[{"name":"wp","href":"https:\/\/api.w.org\/{rel}","templated":true}]}}