{"id":1676,"date":"2017-02-01T06:50:27","date_gmt":"2017-02-01T06:50:27","guid":{"rendered":"https:\/\/abfprogress.se\/?page_id=1676"},"modified":"2021-06-17T11:10:00","modified_gmt":"2021-06-17T09:10:00","slug":"jobba-hos-oss","status":"publish","type":"page","link":"https:\/\/abfprogress.se\/?page_id=1676","title":{"rendered":"Jobba hos oss"},"content":{"rendered":"\n<div class=\"wp-block-cover alignfull has-nv-light-bg-background-color has-background-dim\"><div class=\"wp-block-cover__inner-container is-layout-flow wp-block-cover-is-layout-flow\">\n<div style=\"height:120px\" aria-hidden=\"true\" class=\"wp-block-spacer\"><\/div>\n\n\n\n<h1 class=\"has-text-align-center has-neve-link-color-color has-text-color wp-block-heading\">Jobba hos oss<\/h1>\n\n\n\n<p class=\"has-text-align-center has-neve-link-color-color has-text-color\">Vi tar emot spontanans\u00f6kningar och kontaktar dig om du blir aktuell f\u00f6r en framtida ledig tj\u00e4nst.<\/p>\n\n\n\n<div style=\"height:80px\" aria-hidden=\"true\" class=\"wp-block-spacer\"><\/div>\n<\/div><\/div>\n\n\n\n<div style=\"height:100px\" aria-hidden=\"true\" class=\"wp-block-spacer\"><\/div>\n\n\n\n<div class=\"wp-block-columns alignwide are-vertically-aligned-top is-layout-flex wp-container-core-columns-is-layout-9d6595d7 wp-block-columns-is-layout-flex\">\n<div class=\"wp-block-column is-vertically-aligned-top is-layout-flow wp-block-column-is-layout-flow\">\n<h2 class=\"has-text-align-left has-neve-link-color-color has-text-color wp-block-heading\"><strong>\u00c4r du intresserad av att jobba hos oss?<\/strong><\/h2>\n\n\n\n<div style=\"height:20px\" aria-hidden=\"true\" class=\"wp-block-spacer\"><\/div>\n<\/div>\n\n\n\n<div class=\"wp-block-column is-vertically-aligned-top is-layout-flow wp-block-column-is-layout-flow\">\n<div style=\"height:15px\" aria-hidden=\"true\" class=\"wp-block-spacer\"><\/div>\n\n\n\n<p class=\"has-text-align-left\">Skicka en e-post till oss med ditt CV bifogat. <\/p>\n\n\n\n<p class=\"has-text-align-left\">Ange <strong>&#8221;Jobbans\u00f6kan&#8221;<\/strong> och om du \u00e4r&nbsp;<strong>legitimerad l\u00e4rare<\/strong>,&nbsp;<strong>handledare<\/strong>&nbsp;eller&nbsp;<strong>\u00f6vrigt<\/strong>&nbsp;i \u00e4mnesraden.<\/p>\n\n\n\n<div style=\"height:15px\" aria-hidden=\"true\" class=\"wp-block-spacer\"><\/div>\n\n\n\n<div class=\"wp-block-buttons is-layout-flex wp-block-buttons-is-layout-flex\">\n<div class=\"wp-block-button is-style-primary\"><a class=\"wp-block-button__link\" href=\"mailto:administration.loj@abf.se\" target=\"_blank\" rel=\"noreferrer noopener\">Skicka e-post<\/a><\/div>\n<\/div>\n<\/div>\n<\/div>\n\n\n\n<div style=\"height:80px\" aria-hidden=\"true\" class=\"wp-block-spacer\"><\/div>\n\n\n\n<p><\/p>\n","protected":false},"excerpt":{"rendered":"<p>\u00c4r du intresserad av att jobba hos oss? Skicka en e-post till oss med ditt CV bifogat. Ange &#8221;Jobbans\u00f6kan&#8221; och om du \u00e4r&nbsp;legitimerad l\u00e4rare,&nbsp;handledare&nbsp;eller&nbsp;\u00f6vrigt&nbsp;i \u00e4mnesraden.<\/p>\n","protected":false},"author":10,"featured_media":0,"parent":0,"menu_order":0,"comment_status":"closed","ping_status":"closed","template":"","meta":{"neve_meta_sidebar":"full-width","neve_meta_container":"full-width","neve_meta_enable_content_width":"off","neve_meta_content_width":100,"neve_meta_title_alignment":"center","neve_meta_author_avatar":"","neve_post_elements_order":"","neve_meta_disable_header":"","neve_meta_disable_footer":"","neve_meta_disable_title":"on","footnotes":""},"class_list":["post-1676","page","type-page","status-publish","hentry"],"_links":{"self":[{"href":"https:\/\/abfprogress.se\/index.php?rest_route=\/wp\/v2\/pages\/1676","targetHints":{"allow":["GET"]}}],"collection":[{"href":"https:\/\/abfprogress.se\/index.php?rest_route=\/wp\/v2\/pages"}],"about":[{"href":"https:\/\/abfprogress.se\/index.php?rest_route=\/wp\/v2\/types\/page"}],"author":[{"embeddable":true,"href":"https:\/\/abfprogress.se\/index.php?rest_route=\/wp\/v2\/users\/10"}],"replies":[{"embeddable":true,"href":"https:\/\/abfprogress.se\/index.php?rest_route=%2Fwp%2Fv2%2Fcomments&post=1676"}],"version-history":[{"count":36,"href":"https:\/\/abfprogress.se\/index.php?rest_route=\/wp\/v2\/pages\/1676\/revisions"}],"predecessor-version":[{"id":2773,"href":"https:\/\/abfprogress.se\/index.php?rest_route=\/wp\/v2\/pages\/1676\/revisions\/2773"}],"wp:attachment":[{"href":"https:\/\/abfprogress.se\/index.php?rest_route=%2Fwp%2Fv2%2Fmedia&parent=1676"}],"curies":[{"name":"wp","href":"https:\/\/api.w.org\/{rel}","templated":true}]}}