{"id":1673,"date":"2017-02-01T06:49:36","date_gmt":"2017-02-01T05:49:36","guid":{"rendered":"https:\/\/abfprogress.se\/?page_id=1673"},"modified":"2021-06-17T11:00:01","modified_gmt":"2021-06-17T09:00:01","slug":"samhalls-vagledarna","status":"publish","type":"page","link":"https:\/\/abfprogress.se\/?page_id=1673","title":{"rendered":"Samh\u00e4lls V\u00e4gledarna"},"content":{"rendered":"\n<div class=\"wp-block-cover alignfull has-background-dim-90 has-nv-light-bg-background-color has-background-dim has-parallax\" style=\"background-image:url(https:\/\/abfprogress.se\/wp-content\/uploads\/2021\/06\/pexels-cottonbro-6334577-scaled.jpg)\"><div class=\"wp-block-cover__inner-container is-layout-flow wp-block-cover-is-layout-flow\">\n<div style=\"height:120px\" aria-hidden=\"true\" class=\"wp-block-spacer\"><\/div>\n\n\n\n<h1 class=\"has-text-align-center has-neve-link-color-color has-text-color wp-block-heading\">Samh\u00e4lls V\u00e4gledarna<\/h1>\n\n\n\n<p class=\"has-text-align-center has-neve-link-color-color has-text-color\">En plattform och m\u00f6tesplats dit du villkorsl\u00f6st kan s\u00f6ka dig till f\u00f6r att f\u00e5 svar och v\u00e4gledning i samh\u00e4llet.<\/p>\n\n\n\n<div style=\"height:80px\" aria-hidden=\"true\" class=\"wp-block-spacer\"><\/div>\n<\/div><\/div>\n\n\n\n<div style=\"height:50px\" aria-hidden=\"true\" class=\"wp-block-spacer\"><\/div>\n\n\n\n<div class=\"wp-block-cover alignwide has-nv-site-bg-background-color has-background-dim\" style=\"min-height:444px;aspect-ratio:unset;\"><div class=\"wp-block-cover__inner-container is-layout-flow wp-block-cover-is-layout-flow\">\n<h2 class=\"has-neve-link-color-color has-text-color wp-block-heading\">Om<\/h2>\n\n\n\n<p class=\"has-neve-link-color-color has-text-color\">Samh\u00e4lls V\u00e4gledarna \u00e4r en plattform och m\u00f6tesplats dit du villkorsl\u00f6st kan s\u00f6ka dig till f\u00f6r att f\u00e5 svar och v\u00e4gledning i samh\u00e4llet. <\/p>\n\n\n\n<p class=\"has-neve-link-color-color has-text-color\">Till Samh\u00e4lls V\u00e4gledarna kan du v\u00e4nda dig till med alla dina fr\u00e5gor, om vi inte kan besvara din fr\u00e5ga direkt ser vi till att tillsammans l\u00f6sa problemet, det kan vara allt fr\u00e5n myndighetskontakt, \u00f6vers\u00e4ttning och tolkning av dokument eller hj\u00e4lp med att skriva ett CV eller dylikt.<\/p>\n\n\n\n<p class=\"has-neve-link-color-color has-text-color\">Hos Samh\u00e4lls V\u00e4gledarna f\u00e5r du som \u00e4r ny i landet m\u00f6jligheten att integrera dig och l\u00e4ra k\u00e4nna dina medm\u00e4nniskor via t.ex. spr\u00e5kcaf\u00e9, f\u00f6rel\u00e4sningar eller via andra anordnade aktiviteter.<\/p>\n\n\n\n<p class=\"has-neve-link-color-color has-text-color\">Vi anser att vi via v\u00e5r existens och utbud av information bidrar till att p\u00e5skynda etableringsfasen f\u00f6r m\u00e5nga. Vi hj\u00e4lper till att skapa mer sj\u00e4lvst\u00e4ndiga och integrerade individer och p\u00e5 det viset bidrar till ett mer socialt h\u00e5llbart samh\u00e4lle och skapar lika m\u00f6jligheter f\u00f6r alla.<\/p>\n<\/div><\/div>\n\n\n\n<div style=\"height:50px\" aria-hidden=\"true\" class=\"wp-block-spacer\"><\/div>\n\n\n\n<div class=\"wp-block-cover alignfull has-nv-light-bg-background-color has-background-dim\" style=\"min-height:657px;aspect-ratio:unset;\"><div class=\"wp-block-cover__inner-container is-layout-flow wp-block-cover-is-layout-flow\">\n<div style=\"height:50px\" aria-hidden=\"true\" class=\"wp-block-spacer\"><\/div>\n\n\n\n<div class=\"wp-block-cover alignwide has-nv-light-bg-background-color has-background-dim\" style=\"min-height:354px;aspect-ratio:unset;\"><div class=\"wp-block-cover__inner-container is-layout-flow wp-block-cover-is-layout-flow\">\n<h2 class=\"has-neve-link-color-color has-text-color wp-block-heading\">Kontakt<\/h2>\n\n\n\n<p class=\"has-neve-link-color-color has-text-color\">Kontakta oss f\u00f6r mer information om Samh\u00e4lls V\u00e4gledarna.<\/p>\n\n\n\n<div class=\"wp-block-buttons is-layout-flex wp-block-buttons-is-layout-flex\">\n<div class=\"wp-block-button is-style-primary\"><a class=\"wp-block-button__link\" href=\"https:\/\/abfprogress.se\/?page_id=20\">Kontakta oss<\/a><\/div>\n<\/div>\n<\/div><\/div>\n\n\n\n<div style=\"height:50px\" aria-hidden=\"true\" class=\"wp-block-spacer\"><\/div>\n<\/div><\/div>\n","protected":false},"excerpt":{"rendered":"","protected":false},"author":10,"featured_media":0,"parent":0,"menu_order":0,"comment_status":"closed","ping_status":"closed","template":"","meta":{"neve_meta_sidebar":"full-width","neve_meta_container":"full-width","neve_meta_enable_content_width":"","neve_meta_content_width":0,"neve_meta_title_alignment":"","neve_meta_author_avatar":"","neve_post_elements_order":"","neve_meta_disable_header":"","neve_meta_disable_footer":"","neve_meta_disable_title":"on","footnotes":""},"class_list":["post-1673","page","type-page","status-publish","hentry"],"_links":{"self":[{"href":"https:\/\/abfprogress.se\/index.php?rest_route=\/wp\/v2\/pages\/1673","targetHints":{"allow":["GET"]}}],"collection":[{"href":"https:\/\/abfprogress.se\/index.php?rest_route=\/wp\/v2\/pages"}],"about":[{"href":"https:\/\/abfprogress.se\/index.php?rest_route=\/wp\/v2\/types\/page"}],"author":[{"embeddable":true,"href":"https:\/\/abfprogress.se\/index.php?rest_route=\/wp\/v2\/users\/10"}],"replies":[{"embeddable":true,"href":"https:\/\/abfprogress.se\/index.php?rest_route=%2Fwp%2Fv2%2Fcomments&post=1673"}],"version-history":[{"count":4,"href":"https:\/\/abfprogress.se\/index.php?rest_route=\/wp\/v2\/pages\/1673\/revisions"}],"predecessor-version":[{"id":2765,"href":"https:\/\/abfprogress.se\/index.php?rest_route=\/wp\/v2\/pages\/1673\/revisions\/2765"}],"wp:attachment":[{"href":"https:\/\/abfprogress.se\/index.php?rest_route=%2Fwp%2Fv2%2Fmedia&parent=1673"}],"curies":[{"name":"wp","href":"https:\/\/api.w.org\/{rel}","templated":true}]}}